{"id":60,"date":"2015-07-25T19:29:56","date_gmt":"2015-07-25T17:29:56","guid":{"rendered":"http:\/\/smart-r.at\/?page_id=60"},"modified":"2015-08-12T18:21:37","modified_gmt":"2015-08-12T16:21:37","slug":"china-blog","status":"publish","type":"page","link":"http:\/\/smart-r.at\/?page_id=60","title":{"rendered":"<!--:de-->China Blog<!--:--><!--:en-->China Blog<!--:--><!--:zh-->\u6211\u7684\u535a\u5ba2<!--:-->"},"content":{"rendered":"<p><!--:de--><a style=\"color: #0f3647; line-height: 24px;\" href=\"http:\/\/blog.smart-r.at\" target=\"_blank\"><img loading=\"lazy\" decoding=\"async\" class=\"alignright size-medium wp-image-61\" style=\"border: 0px; margin: 0px;\" alt=\"chinablog\" src=\"http:\/\/smart-r.at\/wp-content\/uploads\/2015\/07\/chinablog-300x174.png\" width=\"300\" height=\"174\" srcset=\"http:\/\/smart-r.at\/wp-content\/uploads\/2015\/07\/chinablog-300x174.png 300w, http:\/\/smart-r.at\/wp-content\/uploads\/2015\/07\/chinablog-1024x595.png 1024w, http:\/\/smart-r.at\/wp-content\/uploads\/2015\/07\/chinablog-624x362.png 624w\" sizes=\"auto, (max-width: 300px) 100vw, 300px\" \/><\/a>Diese Seite beschreibt mein Leben als Expat in Beijing China.<\/p>\n<p>Es gibt immer wieder kleine Artikel zu ungew\u00f6hnlichen Dingen, die mir passiert sind, interessantes \u00fcber Land und Leute, Tipps f\u00fcr andere Auswanderer und alles was mit Sprache, Kultur, Essen, Trinken, Leben und Arbeiten zu tun hat.<br \/>\nDie Artikel k\u00f6nnen auch als RSS Feed geladen werden.<br \/>\nUnd zu jedem Artikel gibt es Foto mit den entsprechenden Metadaten, so dass man anhand der Karte unter jedem Artikel sehen kann, wo es aufgenommen wurde.<\/p>\n<p>Zu den Artikeln gibt es die M\u00f6glichkeit Kommentare zu schreiben oder man kann sich ins G\u00e4stebuch eintragen.<br \/>\nEs gibt die aktuelle Uhrzeit von Deutschland und China, das Wetter und eine Karte von\u00a0Beijing.<!--:--><!--:en--><a style=\"color: #0f3647; line-height: 24px;\" href=\"http:\/\/blog.smart-r.at\" target=\"_blank\"><img loading=\"lazy\" decoding=\"async\" class=\"alignright size-medium wp-image-61\" style=\"border: 0px; margin: 0px;\" alt=\"chinablog\" src=\"http:\/\/smart-r.at\/wp-content\/uploads\/2015\/07\/chinablog-300x174.png\" width=\"300\" height=\"174\" srcset=\"http:\/\/smart-r.at\/wp-content\/uploads\/2015\/07\/chinablog-300x174.png 300w, http:\/\/smart-r.at\/wp-content\/uploads\/2015\/07\/chinablog-1024x595.png 1024w, http:\/\/smart-r.at\/wp-content\/uploads\/2015\/07\/chinablog-624x362.png 624w\" sizes=\"auto, (max-width: 300px) 100vw, 300px\" \/><\/a>This site describes my life as an Expat in Beijing China.<\/p>\n<p>I constantly post small articles about unusual things that happened to me, interesting things about the country, the people, tips for other emigrants and everything that is related to language, culture, food and beverages, life and work.<br \/>\nThe articles can also be loaded as an RSS feed.<br \/>\nTo each article there is a photo with metatags, so sou can see on a small map under each article where it was taken.<\/p>\n<p>It is possible to post comments to the articles or you can subscribe to the guestbook.<br \/>\nOn this site you can also see the current time for Germany and China and the weather forecast and a map for Beijing.<!--:--><!--:zh--><a style=\"color: #0f3647; line-height: 24px;\" href=\"http:\/\/blog.smart-r.at\" target=\u201c_blank\u201c><img loading=\"lazy\" decoding=\"async\" class=\"alignright size-medium wp-image-61\" style=\"border: 0px; margin: 0px;\" alt=\"chinablog\" src=\"http:\/\/smart-r.at\/wp-content\/uploads\/2015\/07\/chinablog-300x174.png\" width=\"300\" height=\"174\" srcset=\"http:\/\/smart-r.at\/wp-content\/uploads\/2015\/07\/chinablog-300x174.png 300w, http:\/\/smart-r.at\/wp-content\/uploads\/2015\/07\/chinablog-1024x595.png 1024w, http:\/\/smart-r.at\/wp-content\/uploads\/2015\/07\/chinablog-624x362.png 624w\" sizes=\"auto, (max-width: 300px) 100vw, 300px\" \/><\/a>\u6211\u5728\u8fd9\u91cc\u8bb0\u5f55\u6211\u5728\u5317\u4eac\u7684\u751f\u6d3b\u3002<br \/>\n\u901a\u5e38\u6211\u4f1a\u5199\u4e00\u4e9b\u81ea\u5df1\u751f\u6d3b\u4e2d\u4e0d\u540c\u5bfb\u5e38\u7684\u4e8b\u513f\uff0c\u8fd9\u4e2a\u56fd\u5bb6\u548c\u8fd9\u91cc\u7684\u4eba\u7684\u4e00\u4e9b\u6709\u610f\u601d\u7684\u4e1c\u897f\uff0c\u7ed9\u5176\u4ed6\u201c\u8001\u5916\u201d\u7684\u5c0f\u8d34\u58eb\uff0c\u4ee5\u53ca\u5176\u4ed6\u8ddf\u8bed\u8a00\uff0c\u5de5\u4f5c\u76f8\u5173\u7684\u4e8b\u60c5\u3002<br \/>\n\u8fd8\u6709RSS\u7684\u6587\u7ae0\u3002<br \/>\n\u6bcf\u7bc7\u6587\u7ae0\u90fd\u914d\u6709\u7167\u7247\u4ee5\u53ca\u7167\u7247\u62cd\u6444\u5730\u7684\u5730\u56fe\uff0c\u65b9\u4fbf\u611f\u5174\u8da3\u7684\u4f60\u627e\u5230\u5b83\u4eec\u3002<\/p>\n<p>\u6b22\u8fce\u5927\u5bb6\u53d1\u8868\u8bc4\u8bba\u548c\u7ed9\u6211\u7559\u8a00<!--:--><\/p>\n","protected":false},"excerpt":{"rendered":"<p>Diese Seite beschreibt mein Leben als Expat in Beijing China. Es gibt immer wieder kleine Artikel zu ungew\u00f6hnlichen Dingen, die mir passiert sind, interessantes \u00fcber Land und Leute, Tipps f\u00fcr andere Auswanderer und alles was mit Sprache, Kultur, Essen, Trinken, Leben und Arbeiten zu tun hat. Die Artikel k\u00f6nnen auch als RSS Feed geladen werden. [&hellip;]<\/p>\n","protected":false},"author":1,"featured_media":0,"parent":0,"menu_order":0,"comment_status":"closed","ping_status":"open","template":"","meta":{"footnotes":""},"class_list":["post-60","page","type-page","status-publish","hentry"],"_links":{"self":[{"href":"http:\/\/smart-r.at\/index.php?rest_route=\/wp\/v2\/pages\/60","targetHints":{"allow":["GET"]}}],"collection":[{"href":"http:\/\/smart-r.at\/index.php?rest_route=\/wp\/v2\/pages"}],"about":[{"href":"http:\/\/smart-r.at\/index.php?rest_route=\/wp\/v2\/types\/page"}],"author":[{"embeddable":true,"href":"http:\/\/smart-r.at\/index.php?rest_route=\/wp\/v2\/users\/1"}],"replies":[{"embeddable":true,"href":"http:\/\/smart-r.at\/index.php?rest_route=%2Fwp%2Fv2%2Fcomments&post=60"}],"version-history":[{"count":21,"href":"http:\/\/smart-r.at\/index.php?rest_route=\/wp\/v2\/pages\/60\/revisions"}],"predecessor-version":[{"id":335,"href":"http:\/\/smart-r.at\/index.php?rest_route=\/wp\/v2\/pages\/60\/revisions\/335"}],"wp:attachment":[{"href":"http:\/\/smart-r.at\/index.php?rest_route=%2Fwp%2Fv2%2Fmedia&parent=60"}],"curies":[{"name":"wp","href":"https:\/\/api.w.org\/{rel}","templated":true}]}}