{"id":108,"date":"2015-07-25T21:01:29","date_gmt":"2015-07-25T19:01:29","guid":{"rendered":"http:\/\/smart-r.at\/?page_id=108"},"modified":"2016-09-09T04:32:25","modified_gmt":"2016-09-09T02:32:25","slug":"xcomix","status":"publish","type":"page","link":"http:\/\/smart-r.at\/?page_id=108","title":{"rendered":"<!--:de-->xcomix<!--:--><!--:en-->xcomix<!--:--><!--:zh-->xcomix<!--:-->"},"content":{"rendered":"<p><!--:de--><a href=\"http:\/\/xcomix.smart-r.at\/\" target=\"_blank\"><img loading=\"lazy\" decoding=\"async\" class=\"alignright size-medium wp-image-56\" alt=\"bild\" src=\"http:\/\/smart-r.at\/wp-content\/uploads\/2015\/07\/bildd-300x225.jpg\" width=\"300\" height=\"225\" srcset=\"http:\/\/smart-r.at\/wp-content\/uploads\/2015\/07\/bildd-300x225.jpg 300w, http:\/\/smart-r.at\/wp-content\/uploads\/2015\/07\/bildd-1024x768.jpg 1024w, http:\/\/smart-r.at\/wp-content\/uploads\/2015\/07\/bildd-624x467.jpg 624w\" sizes=\"auto, (max-width: 300px) 100vw, 300px\" \/><\/a><strong>xcomix<\/strong> oder <strong>comix<\/strong> bzw. <strong>ex-comix<\/strong> ist ein Pseudonym unter dem ich schon in sehr fr\u00fchen Tagen Comic Strips gemalt habe.<br \/>\nDen Namen habe ich als ich Graffiti-K\u00fcnstler\u00a0beibehalten und er ist auch geblieben als ich ganz klassisch auf Leinw\u00e4nde gemalt habe.<br \/>\nHeute steht er f\u00fcr alle m\u00f6glichen k\u00fcnstlerischen Projekte, die ich geschaffen habe.<br \/>\nVon Bildern, Illustrationen, Collagen, Fotos und CD Covern, \u00fcber plastische Objekte bis hin zu einigen teils ziemlich kuriosen Maschinen, die ich gebaut habe.<br \/>\nZugegeben, in den letzten Jahren war nicht viel Zeit um auch dieser Richtung weiterhin kreativ zu sein, aber ich hoffe, dass sich das auch wieder \u00e4ndert.<br \/>\nSchlie\u00dflich gibt es eine passende Zeit f\u00fcr alles und es wiederholt sich alles in gewissen Zyklen.<!--:--><!--:en--><a href=\"http:\/\/xcomix.smart-r.at\/\" target=\"_blank\"><img loading=\"lazy\" decoding=\"async\" class=\"alignright size-medium wp-image-56\" alt=\"bild\" src=\"http:\/\/smart-r.at\/wp-content\/uploads\/2015\/07\/bildd-300x225.jpg\" width=\"300\" height=\"225\" srcset=\"http:\/\/smart-r.at\/wp-content\/uploads\/2015\/07\/bildd-300x225.jpg 300w, http:\/\/smart-r.at\/wp-content\/uploads\/2015\/07\/bildd-1024x768.jpg 1024w, http:\/\/smart-r.at\/wp-content\/uploads\/2015\/07\/bildd-624x467.jpg 624w\" sizes=\"auto, (max-width: 300px) 100vw, 300px\" \/><\/a>\u00a0<strong>xcomix<\/strong> respectively <strong>comix<\/strong> or <strong>ex-comix<\/strong> is an alias that I use since I created comic strips in the very early days.<br \/>\nI kept the name as a graffiti artist and still used it when I started painting on canvas.<br \/>\nToday the name stands for all kinds of artworks from pictures, illustrations, collages, photos and CD covers over statuary art to some strange machinery that I have built.<br \/>\nFrankly saying there was not much time the last years to be also creative in this kind of way. But I hope the time will come again.<br \/>\nIn the end there&#8217;s always a time for everything and everything runs in circles.<!--:--><!--:zh--><a href=\"http:\/\/xcomix.smart-r.at\/\" target=\u201c_blank\u201c><img loading=\"lazy\" decoding=\"async\" class=\"alignright size-medium wp-image-56\" alt=\"bild\" src=\"http:\/\/smart-r.at\/wp-content\/uploads\/2015\/07\/bildd-300x225.jpg\" width=\"300\" height=\"225\" srcset=\"http:\/\/smart-r.at\/wp-content\/uploads\/2015\/07\/bildd-300x225.jpg 300w, http:\/\/smart-r.at\/wp-content\/uploads\/2015\/07\/bildd-1024x768.jpg 1024w, http:\/\/smart-r.at\/wp-content\/uploads\/2015\/07\/bildd-624x467.jpg 624w\" sizes=\"auto, (max-width: 300px) 100vw, 300px\" \/><\/a>\u00a0<strong>xcomix<\/strong>\uff0c<strong>comix<\/strong>\u548c<strong>ex-comix<\/strong>\u662f\u6211\u5f88\u4e45\u4ee5\u524d\u753b\u6f2b\u753b\u65f6\u7528\u8fc7\u7684\u7b14\u540d\u3002<br \/>\n\u540e\u6765\u505a\u6d82\u9e26\u548c\u753b\u753b\u7684\u65f6\u5019\u4e5f\u7528\u8fd9\u4e2a\u7b14\u540d\u3002<br \/>\n\u73b0\u5728\u753b\u753b\uff0c\u753b\u63d2\u56fe\uff0c\u505a\u62fc\u8d34\u753b\uff0c\u6444\u5f71\uff0c\u505aCD\u5c01\u9762\uff0c\u96d5\u5851\u548c\u4e00\u4e9b\u6211\u81ea\u5df1\u505a\u7684\u673a\u5668\u90fd\u7528\u8fd9\u4e2a\u540d\u5b57\u3002<br \/>\n\u6700\u8fd1\u6ca1\u65f6\u95f4\u505axcomix\u7684\u4e8b\u60c5\uff0c\u4f46\u662f\u6211\u5f88\u5e0c\u671b\u4ee5\u540e\u53ef\u4ee5\u6709\u673a\u4f1a\u505a\u3002<!--:--><\/p>\n","protected":false},"excerpt":{"rendered":"<p>xcomix oder comix bzw. ex-comix ist ein Pseudonym unter dem ich schon in sehr fr\u00fchen Tagen Comic Strips gemalt habe. Den Namen habe ich als ich Graffiti-K\u00fcnstler\u00a0beibehalten und er ist auch geblieben als ich ganz klassisch auf Leinw\u00e4nde gemalt habe. Heute steht er f\u00fcr alle m\u00f6glichen k\u00fcnstlerischen Projekte, die ich geschaffen habe. Von Bildern, Illustrationen, [&hellip;]<\/p>\n","protected":false},"author":1,"featured_media":0,"parent":0,"menu_order":0,"comment_status":"closed","ping_status":"open","template":"","meta":{"footnotes":""},"class_list":["post-108","page","type-page","status-publish","hentry"],"_links":{"self":[{"href":"http:\/\/smart-r.at\/index.php?rest_route=\/wp\/v2\/pages\/108","targetHints":{"allow":["GET"]}}],"collection":[{"href":"http:\/\/smart-r.at\/index.php?rest_route=\/wp\/v2\/pages"}],"about":[{"href":"http:\/\/smart-r.at\/index.php?rest_route=\/wp\/v2\/types\/page"}],"author":[{"embeddable":true,"href":"http:\/\/smart-r.at\/index.php?rest_route=\/wp\/v2\/users\/1"}],"replies":[{"embeddable":true,"href":"http:\/\/smart-r.at\/index.php?rest_route=%2Fwp%2Fv2%2Fcomments&post=108"}],"version-history":[{"count":35,"href":"http:\/\/smart-r.at\/index.php?rest_route=\/wp\/v2\/pages\/108\/revisions"}],"predecessor-version":[{"id":389,"href":"http:\/\/smart-r.at\/index.php?rest_route=\/wp\/v2\/pages\/108\/revisions\/389"}],"wp:attachment":[{"href":"http:\/\/smart-r.at\/index.php?rest_route=%2Fwp%2Fv2%2Fmedia&parent=108"}],"curies":[{"name":"wp","href":"https:\/\/api.w.org\/{rel}","templated":true}]}}